{"id":2059,"date":"2023-06-02T10:17:32","date_gmt":"2023-06-02T08:17:32","guid":{"rendered":"https:\/\/amd-tec.com\/industries\/foerdertechnik\/"},"modified":"2023-12-07T15:41:49","modified_gmt":"2023-12-07T14:41:49","slug":"conveyor-technology","status":"publish","type":"page","link":"http:\/\/az-industriemontage.de\/en\/industries\/conveyor-technology\/","title":{"rendered":"conveyor technology"},"content":{"rendered":"<div>Full commitment<br \/> to ensure smooth <br \/>operations in <br \/><strong>conveyor technology.<\/strong><\/div>\n<h1>conveyor technology<\/h1>\n<h2>\n<p>We keep things flowing.<strong><br \/><\/strong><\/p>\n<\/h2>\n<div>\n<p>Conveyor technology systems are an essential part of industry. Reliable material flows require efficient and secure conveying technology. From horizontal conveyors to complex stacker cranes, power &amp; free systems, fully automated high-bay warehouses, electric monorail systems, and comprehensive feeding systems &#8211; we are well-versed and understand the intricacies of assembly, integration, and commissioning.<\/p>\n<\/div>\n<div>\n<p style=\"text-align: left;\">Handling unit loads such as pallets, crates, packages, individual workpieces, or assemblies is in expert hands with us. Naturally, we also possess the right expertise for handling bulk material conveyors like sand, ore, grain, and more. We comprehend the specific challenges in material flow control and gladly leverage our broad expertise to realize an efficient, reliable, and secure solution for you.<\/p>\n<p style=\"text-align: left;\">\n<\/div>\n<div>\n<div>\n<p><strong>We have been and are working for the following companies in the field of conveyor technology:<\/strong><\/p>\n<ul>\n<li>AFT F\u00f6rderanlagen Bautzen GmbH &amp; Co. KG<\/li>\n<li>FMW F\u00f6rderanlagen GmbH<\/li>\n<li>Fromm F\u00f6rdertechnik GmbH u. Co. KG<\/li>\n<li>FSH Flurf\u00f6rderfahrzeuge Service &amp; Handels GmbH<\/li>\n<li>G E B H A R D T F\u00f6rdertechnik GmbH<\/li>\n<\/ul>\n<\/div>\n<\/div>\n<p><!--more--><br \/>\n<!-- {\"type\":\"layout\",\"children\":[{\"type\":\"section\",\"props\":{\"class\":\"section-headline\",\"header_transparent\":\"light\",\"image_position\":\"center-center\",\"style\":\"primary\",\"title_breakpoint\":\"xl\",\"title_position\":\"top-left\",\"title_rotation\":\"left\",\"vertical_align\":\"middle\",\"width\":\"default\"},\"children\":[{\"type\":\"row\",\"children\":[{\"type\":\"column\",\"props\":{\"image_position\":\"center-center\",\"position_sticky_breakpoint\":\"m\"},\"children\":[{\"type\":\"headline\",\"props\":{\"content\":\"Full commitment<br \\\/> to ensure smooth <br \\\/>operations in <br \\\/><strong>conveyor technology.<\\\/strong>\",\"title_element\":\"div\",\"title_style\":\"h1\"},\"name\":\"Slogan\"}]}]}],\"name\":\"Header\"},{\"type\":\"section\",\"props\":{\"class\":\"section-hero\",\"image\":\"wp-content\\\/uploads\\\/2023\\\/08\\\/HEADER-Foerdertechnik.jpg\",\"image_effect\":\"parallax\",\"image_parallax_bgy\":\"80 100%\",\"image_position\":\"bottom-center\",\"image_size\":\"cover\",\"image_width\":\"2560\",\"padding\":\"large\",\"style\":\"default\",\"title_breakpoint\":\"xl\",\"title_position\":\"top-left\",\"title_rotation\":\"left\",\"vertical_align\":\"middle\",\"width\":\"default\"},\"children\":[{\"type\":\"row\",\"children\":[{\"type\":\"column\",\"props\":{\"image_position\":\"center-center\",\"position_sticky_breakpoint\":\"m\"},\"children\":[{\"type\":\"headline\",\"props\":{\"class\":\"stroke\",\"content\":\"conveyor technology\",\"title_element\":\"h1\",\"title_style\":\"heading-large\"},\"name\":\"Headline H1\"}]}]}],\"name\":\"Hero\"},{\"type\":\"section\",\"props\":{\"image_position\":\"center-center\",\"style\":\"default\",\"title_breakpoint\":\"xl\",\"title_position\":\"top-left\",\"title_rotation\":\"left\",\"vertical_align\":\"middle\",\"width\":\"default\"},\"children\":[{\"type\":\"row\",\"props\":{\"layout\":\"1-2,1-2\"},\"children\":[{\"type\":\"column\",\"props\":{\"image_position\":\"center-center\",\"position_sticky_breakpoint\":\"m\",\"width_medium\":\"1-2\"},\"children\":[{\"type\":\"headline\",\"props\":{\"content\":\"\n\n<p>We keep things flowing.<strong><br \\\/><\\\/strong><\\\/p>\",\"title_color\":\"primary\",\"title_element\":\"h2\"}},{\"type\":\"text\",\"props\":{\"column_breakpoint\":\"m\",\"content\":\"\n\n<p>Conveyor technology systems are an essential part of industry. Reliable material flows require efficient and secure conveying technology. From horizontal conveyors to complex stacker cranes, power &amp; free systems, fully automated high-bay warehouses, electric monorail systems, and comprehensive feeding systems - we are well-versed and understand the intricacies of assembly, integration, and commissioning.<\\\/p>\",\"margin\":\"default\",\"text_align\":\"left\"}}]},{\"type\":\"column\",\"props\":{\"image_position\":\"center-center\",\"position_sticky_breakpoint\":\"m\",\"width_medium\":\"1-2\"},\"children\":[{\"type\":\"text\",\"props\":{\"column_breakpoint\":\"m\",\"content\":\"\n\n<p style=\\\"text-align: left;\\\">Handling unit loads such as pallets, crates, packages, individual workpieces, or assemblies is in expert hands with us. Naturally, we also possess the right expertise for handling bulk material conveyors like sand, ore, grain, and more. We comprehend the specific challenges in material flow control and gladly leverage our broad expertise to realize an efficient, reliable, and secure solution for you.<\\\/p>\\n\n\n<p style=\\\"text-align: left;\\\"><\\\/p>\",\"margin\":\"default\",\"text_align\":\"left\"}},{\"type\":\"grid\",\"props\":{\"class\":\"black-box\",\"content_column_breakpoint\":\"m\",\"filter_align\":\"left\",\"filter_all\":true,\"filter_grid_breakpoint\":\"m\",\"filter_grid_width\":\"auto\",\"filter_position\":\"top\",\"filter_style\":\"tab\",\"grid_column_gap\":\"small\",\"grid_default\":\"1\",\"grid_medium\":\"1\",\"grid_small\":\"2\",\"icon_width\":80,\"image_align\":\"top\",\"image_grid_breakpoint\":\"m\",\"image_grid_width\":\"1-2\",\"image_svg_color\":\"emphasis\",\"item_animation\":true,\"link_style\":\"default\",\"link_text\":\"Read more\",\"margin\":\"default\",\"meta_align\":\"below-title\",\"meta_element\":\"div\",\"meta_style\":\"text-meta\",\"panel_padding\":\"small\",\"panel_style\":\"card-secondary\",\"show_content\":true,\"show_image\":true,\"show_link\":true,\"show_meta\":true,\"show_title\":true,\"title_align\":\"top\",\"title_element\":\"h3\",\"title_grid_breakpoint\":\"m\",\"title_grid_width\":\"1-2\",\"title_hover_style\":\"reset\"},\"children\":[{\"type\":\"grid_item\",\"props\":{\"content\":\"\n\n<p><\\\/p>\\n\n\n<p><strong>We have been and are working for the following companies in the field of conveyor technology:<\\\/strong><\\\/p>\\n\n\n<ul>\\n\n\n<li>AFT F\\u00f6rderanlagen Bautzen GmbH &amp; Co. KG<\\\/li>\\n\n\n<li>FMW F\\u00f6rderanlagen GmbH<\\\/li>\\n\n\n<li>Fromm F\\u00f6rdertechnik GmbH u. Co. KG<\\\/li>\\n\n\n<li>FSH Flurf\\u00f6rderfahrzeuge Service &amp; Handels GmbH<\\\/li>\\n\n\n<li>G E B H A R D T F\\u00f6rdertechnik GmbH<\\\/li>\\n<\\\/ul>\"}}]}]}]}]}],\"version\":\"4.1.2\"} --><\/p>\n","protected":false},"excerpt":{"rendered":"<p>Full commitment to ensure smooth operations in conveyor technology. conveyor technology We keep things flowing. Conveyor technology systems are an essential part of industry. Reliable material flows require efficient and secure conveying technology. From horizontal conveyors to complex stacker cranes, power &amp; free systems, fully automated high-bay warehouses, electric monorail systems, and comprehensive feeding systems [&hellip;]<\/p>\n","protected":false},"author":1,"featured_media":0,"parent":2054,"menu_order":0,"comment_status":"closed","ping_status":"closed","template":"","meta":{"_acf_changed":false,"inline_featured_image":false,"_exactmetrics_skip_tracking":false,"_exactmetrics_sitenote_active":false,"_exactmetrics_sitenote_note":"","_exactmetrics_sitenote_category":0,"footnotes":""},"class_list":["post-2059","page","type-page","status-publish","hentry"],"acf":[],"yoast_head":"<!-- This site is optimized with the Yoast SEO plugin v24.9 - https:\/\/yoast.com\/wordpress\/plugins\/seo\/ -->\n<title>conveyor technology -<\/title>\n<meta name=\"description\" content=\"Wir z\u00e4hlen im Bereich der F\u00f6rdertechnik zu den international \u00fchrenden Spezialisten in Sachen Industriemontage und anderen technischen Leistungen\" \/>\n<meta name=\"robots\" content=\"index, follow, max-snippet:-1, max-image-preview:large, max-video-preview:-1\" \/>\n<link rel=\"canonical\" href=\"http:\/\/az-industriemontage.de\/en\/industries\/conveyor-technology\/\" \/>\n<meta property=\"og:locale\" content=\"en_US\" \/>\n<meta property=\"og:type\" content=\"article\" \/>\n<meta property=\"og:title\" content=\"conveyor technology -\" \/>\n<meta property=\"og:description\" content=\"Wir z\u00e4hlen im Bereich der F\u00f6rdertechnik zu den international \u00fchrenden Spezialisten in Sachen Industriemontage und anderen technischen Leistungen\" \/>\n<meta property=\"og:url\" content=\"http:\/\/az-industriemontage.de\/en\/industries\/conveyor-technology\/\" \/>\n<meta property=\"article:modified_time\" content=\"2023-12-07T14:41:49+00:00\" \/>\n<meta name=\"twitter:card\" content=\"summary_large_image\" \/>\n<meta name=\"twitter:label1\" content=\"Est. reading time\" \/>\n\t<meta name=\"twitter:data1\" content=\"1 minute\" \/>\n<script type=\"application\/ld+json\" class=\"yoast-schema-graph\">{\"@context\":\"https:\/\/schema.org\",\"@graph\":[{\"@type\":\"WebPage\",\"@id\":\"http:\/\/az-industriemontage.de\/en\/industries\/conveyor-technology\/\",\"url\":\"http:\/\/az-industriemontage.de\/en\/industries\/conveyor-technology\/\",\"name\":\"conveyor technology -\",\"isPartOf\":{\"@id\":\"http:\/\/az-industriemontage.de\/en\/#website\"},\"datePublished\":\"2023-06-02T08:17:32+00:00\",\"dateModified\":\"2023-12-07T14:41:49+00:00\",\"description\":\"Wir z\u00e4hlen im Bereich der F\u00f6rdertechnik zu den international \u00fchrenden Spezialisten in Sachen Industriemontage und anderen technischen Leistungen\",\"breadcrumb\":{\"@id\":\"http:\/\/az-industriemontage.de\/en\/industries\/conveyor-technology\/#breadcrumb\"},\"inLanguage\":\"en-US\",\"potentialAction\":[{\"@type\":\"ReadAction\",\"target\":[\"http:\/\/az-industriemontage.de\/en\/industries\/conveyor-technology\/\"]}]},{\"@type\":\"BreadcrumbList\",\"@id\":\"http:\/\/az-industriemontage.de\/en\/industries\/conveyor-technology\/#breadcrumb\",\"itemListElement\":[{\"@type\":\"ListItem\",\"position\":1,\"name\":\"Startseite\",\"item\":\"http:\/\/az-industriemontage.de\/en\/\"},{\"@type\":\"ListItem\",\"position\":2,\"name\":\"Industries\",\"item\":\"https:\/\/az-industriemontage.de\/en\/industries\/\"},{\"@type\":\"ListItem\",\"position\":3,\"name\":\"conveyor technology\"}]},{\"@type\":\"WebSite\",\"@id\":\"http:\/\/az-industriemontage.de\/en\/#website\",\"url\":\"http:\/\/az-industriemontage.de\/en\/\",\"name\":\"\",\"description\":\"\",\"potentialAction\":[{\"@type\":\"SearchAction\",\"target\":{\"@type\":\"EntryPoint\",\"urlTemplate\":\"http:\/\/az-industriemontage.de\/en\/?s={search_term_string}\"},\"query-input\":{\"@type\":\"PropertyValueSpecification\",\"valueRequired\":true,\"valueName\":\"search_term_string\"}}],\"inLanguage\":\"en-US\"}]}<\/script>\n<!-- \/ Yoast SEO plugin. -->","yoast_head_json":{"title":"conveyor technology -","description":"Wir z\u00e4hlen im Bereich der F\u00f6rdertechnik zu den international \u00fchrenden Spezialisten in Sachen Industriemontage und anderen technischen Leistungen","robots":{"index":"index","follow":"follow","max-snippet":"max-snippet:-1","max-image-preview":"max-image-preview:large","max-video-preview":"max-video-preview:-1"},"canonical":"http:\/\/az-industriemontage.de\/en\/industries\/conveyor-technology\/","og_locale":"en_US","og_type":"article","og_title":"conveyor technology -","og_description":"Wir z\u00e4hlen im Bereich der F\u00f6rdertechnik zu den international \u00fchrenden Spezialisten in Sachen Industriemontage und anderen technischen Leistungen","og_url":"http:\/\/az-industriemontage.de\/en\/industries\/conveyor-technology\/","article_modified_time":"2023-12-07T14:41:49+00:00","twitter_card":"summary_large_image","twitter_misc":{"Est. reading time":"1 minute"},"schema":{"@context":"https:\/\/schema.org","@graph":[{"@type":"WebPage","@id":"http:\/\/az-industriemontage.de\/en\/industries\/conveyor-technology\/","url":"http:\/\/az-industriemontage.de\/en\/industries\/conveyor-technology\/","name":"conveyor technology -","isPartOf":{"@id":"http:\/\/az-industriemontage.de\/en\/#website"},"datePublished":"2023-06-02T08:17:32+00:00","dateModified":"2023-12-07T14:41:49+00:00","description":"Wir z\u00e4hlen im Bereich der F\u00f6rdertechnik zu den international \u00fchrenden Spezialisten in Sachen Industriemontage und anderen technischen Leistungen","breadcrumb":{"@id":"http:\/\/az-industriemontage.de\/en\/industries\/conveyor-technology\/#breadcrumb"},"inLanguage":"en-US","potentialAction":[{"@type":"ReadAction","target":["http:\/\/az-industriemontage.de\/en\/industries\/conveyor-technology\/"]}]},{"@type":"BreadcrumbList","@id":"http:\/\/az-industriemontage.de\/en\/industries\/conveyor-technology\/#breadcrumb","itemListElement":[{"@type":"ListItem","position":1,"name":"Startseite","item":"http:\/\/az-industriemontage.de\/en\/"},{"@type":"ListItem","position":2,"name":"Industries","item":"https:\/\/az-industriemontage.de\/en\/industries\/"},{"@type":"ListItem","position":3,"name":"conveyor technology"}]},{"@type":"WebSite","@id":"http:\/\/az-industriemontage.de\/en\/#website","url":"http:\/\/az-industriemontage.de\/en\/","name":"","description":"","potentialAction":[{"@type":"SearchAction","target":{"@type":"EntryPoint","urlTemplate":"http:\/\/az-industriemontage.de\/en\/?s={search_term_string}"},"query-input":{"@type":"PropertyValueSpecification","valueRequired":true,"valueName":"search_term_string"}}],"inLanguage":"en-US"}]}},"_links":{"self":[{"href":"http:\/\/az-industriemontage.de\/en\/wp-json\/wp\/v2\/pages\/2059","targetHints":{"allow":["GET"]}}],"collection":[{"href":"http:\/\/az-industriemontage.de\/en\/wp-json\/wp\/v2\/pages"}],"about":[{"href":"http:\/\/az-industriemontage.de\/en\/wp-json\/wp\/v2\/types\/page"}],"author":[{"embeddable":true,"href":"http:\/\/az-industriemontage.de\/en\/wp-json\/wp\/v2\/users\/1"}],"replies":[{"embeddable":true,"href":"http:\/\/az-industriemontage.de\/en\/wp-json\/wp\/v2\/comments?post=2059"}],"version-history":[{"count":4,"href":"http:\/\/az-industriemontage.de\/en\/wp-json\/wp\/v2\/pages\/2059\/revisions"}],"predecessor-version":[{"id":2238,"href":"http:\/\/az-industriemontage.de\/en\/wp-json\/wp\/v2\/pages\/2059\/revisions\/2238"}],"up":[{"embeddable":true,"href":"http:\/\/az-industriemontage.de\/en\/wp-json\/wp\/v2\/pages\/2054"}],"wp:attachment":[{"href":"http:\/\/az-industriemontage.de\/en\/wp-json\/wp\/v2\/media?parent=2059"}],"curies":[{"name":"wp","href":"https:\/\/api.w.org\/{rel}","templated":true}]}}